{"id":271,"date":"2025-08-04T15:55:20","date_gmt":"2025-08-04T15:55:20","guid":{"rendered":"https:\/\/www.research.ucf.edu\/htms-test\/?page_id=271"},"modified":"2025-11-03T16:52:25","modified_gmt":"2025-11-03T16:52:25","slug":"presentations","status":"publish","type":"page","link":"https:\/\/www.research.ucf.edu\/htms\/presentations\/","title":{"rendered":"Presentations"},"content":{"rendered":"\n<div class=\"wp-block-group mt-5\"><div class=\"wp-block-group__inner-container is-layout-constrained wp-block-group-is-layout-constrained\"><div class=\"wp-bootstrap-blocks-container container mb-0 mt-3\">\n\t\n\n<h2 class=\"wp-block-heading\">Hosted Presentations<\/h2>\n\n\n\n<p><em>Leadership Workshop<\/em><br><strong><em>Topic:<\/em><\/strong><em> <strong>Combating Human Trafficking<\/strong><\/em><br>Presenter: Robin van Denderen (Stay With Me Organization)<br>Date and Location: October 2025, Orlando, FL<br><br><em>World Orlando, with the World Affairs Council of Central Florida and the International Visitor Leadership Program, hosted by the U.S. Department of State<\/em><br><strong><em>Topic:<\/em><\/strong><em> <strong>Combating Trafficking in Persons<\/strong><\/em><br>Key Presenters: Dr. Jessica Wickey Byrd, Tomas J. Lares, Mayara Martines Ramalho de Oliveira<br>Date and Location: July 2025, Orlando, FL<br><br><em>World Orlando, with the World Affairs Council of Central Florida and the International Visitor Leadership Program, hosted by the U.S. Department of State<\/em><br><strong><em>Topic:<\/em><\/strong><em> <strong>Combating Trafficking in Persons: A Project for Mexico<\/strong><\/em><br>Presenter: Dr. Jessica Wickey Byrd<br>Date and Location: November 2024, Orlando, FL<br><br><em>Open Meeting<\/em><br><strong>Topic:<\/strong> <strong>Discover How You Can Collaborate with the UCF Human Trafficking and Modern Slavery Center<\/strong><br>Presenters: Dr. Jessica Wickey Byrd and Mayara Martines Ramalho de Oliveira<br>Date and Location: November 2024, Orlando, FL<br><br><em>World Orlando, with the World Affairs Council of Central Florida and the International Visitor Leadership Program, hosted by the U.S. Department of State<\/em><br><strong>Topic:<\/strong> <strong>Human Trafficking Education in the Hospitality and Tourism Industry<\/strong><br>Presenters: Dr. Jessica Wickey Byrd, Tomas J. Lares, Mayara Martines Ramalho de Oliveira<br>Date and Location: July 2024, Orlando, FL<br><br><em>World Orlando, with the World Affairs Council of Central Florida and the International Visitor Leadership Program, hosted by the U.S. Department of State<\/em><br><strong>Topic: Combating Trafficking in Persons: A Project for Comoros and Madagascar<\/strong><br>Presenters: Dr. Jessica Wickey Byrd<br>Date and Location: May 2024, Orlando, FL<br><br><em>World Orlando, with the World Affairs Council of Central Florida and the International Visitor Leadership Program, hosted by the U.S. Department of State<\/em><br><strong>Topic: Combating Trafficking in Persons: A Project for United Nations Women Tajikistan Program Office<\/strong><br>Presenters: Dr. Jessica Wickey Byrd<br>Date and Location: May 2024, Orlando, FL<br><br><em>Rosen College Spring 2024 Leadership Development Workshop Series<\/em><br><strong>Topic: Student Panel Discussion: Human Trafficking in Mega-Events with It\u2019s A Penalty and Knights of the RELM. &nbsp;<\/strong><br>Presenters: Jan Edwards, Sydney Weisman, Danny Neddo, Ezri Damschoder, Annastazia Allgire, James Costa<br>Date and Location: May 2024, Orlando, FL <a href=\"https:\/\/www.youtube.com\/live\/wWvcKZ_h964\">Watch it here.<\/a><br><br><em>World Orlando, with the World Affairs Council of Central Florida and the International Visitor Leadership Program, hosted by the U.S. Department of State<\/em><br><strong>Topic: Combating Trafficking in Persons: A Project for Guinea-Bissau.<\/strong><br>Presenters: Dr. Jessica Wickey Byrd<br>Date and Location: December 2023, Orlando, FL<br><br><em>Rosen College Fall 2023 Leadership Development Workshop Series<\/em><br><strong>Topic: Student Panel Discussion: Human Trafficking Through Grooming, Sugaring, and AI. &nbsp;<\/strong><br>Presenters: Dr. Jessica Wickey Byrd<br>Date and Location: October 2023, Orlando, FL<br><br><em>World Orlando, with the World Affairs Council of Central Florida and the International Visitor Leadership Program, hosted by the U.S. Department of State<\/em><br><strong>Topic: Combating Trafficking in Persons: A Project for the Near East &amp; North Africa<\/strong><br>Presenters: Dr. Jessica Wickey Byrd<br>Date and Location: December 2023, Orlando, FL<br><br><em>Rosen College Spring 2023 Leadership Development Workshop Series<\/em><br><strong>Topic: Human Trafficking in Central Florida, a Panel Discussion with Law Enforcement, Educators, and Advocates &nbsp;<\/strong><br>Presenters: Dr. Jessica Wickey Byrd, Jordan Rodriguez as a retired Seminole County High School Principal, Jan Edwards with Paving the Way Foundation, Caroline with Homeland Security Investigations, Sergeant Bradley Bakeman with the Metropolitan Bureau of Investigation<br>Date and Location: October 2023, Orlando, FL <a href=\"https:\/\/youtube.com\/live\/4dZ3xA4XMDA?feature=share\">Watch it here.<\/a><\/p>\n\n<\/div>\n<\/div><\/div>\n\n\n\n<div class=\"wp-block-group\"><div class=\"wp-block-group__inner-container is-layout-constrained wp-block-group-is-layout-constrained\"><div class=\"wp-bootstrap-blocks-container container mb-0\">\n\t\n\n<h2 class=\"wp-block-heading\">Invited Presentations<\/h2>\n\n\n\n<p><em>Central Florida Human Trafficking Task Force Outreach Committee<\/em><br><strong><em>Topic:<\/em><\/strong><em> <strong>Hospitality and Human Trafficking: What we need to know<\/strong><\/em><br>Keynote Presenters: Dr. Jessica Wickey Byrd, William Zambelli<br>Date and Location: November 2025, Webinar<\/p>\n\n\n\n<p><em>Challenging Borders: Slave Labor and Human Trafficking in the Global Contex hosted by the Cl\u00ednica de Trabalho Escravo e Tr\u00e1fico de Pessoas (CTETP) of the Federal University of Minas Gerais (UFMG), Brazil<\/em><br><strong><em>Topic:<\/em><\/strong><em> <strong>Educa\u00e7\u00e3o, Ind\u00fastria e Tr\u00e1fico Humano<\/strong><\/em><br>Keynote Presenters: Mayara Martines Ramalho de Oliveira<br>Date and Location: October 2025, Webinar<\/p>\n\n\n\n<p><em>Juvenile Sex Trafficking (JuST) Training Conference<\/em><br><strong><em>Topic:<\/em><\/strong><em> <\/em><strong>Digital Natives in the Anti-Trafficking Movement: From DMs to Danger, Gen Z Exposes Trafficking Tactics<\/strong><br>Keynote Presenters: Dr. Jessica Wickey Byrd, Mayara Martines Ramalho de Oliveira, Madelyn Hutchinson, Ashley Zarwanitzer<br>Date and Location: October 2025, Orlando, FL<\/p>\n\n\n\n<p><em>Follow Money Fight Slavery 2025 Virtual Summit<\/em><br><strong><em>Topic:<\/em><\/strong><em> <strong>Room for Change: Ending Exploitation in the Hotel Industry<\/strong><\/em><br>Keynote Presenters: Dr. Jessica Wickey Byrd, Georgine Muntz, Gina Parisi<br>Date and Location: October 2025, Webinar<\/p>\n\n\n\n<p><em>Human Trafficking Symposium: Fight for Child Online Safety hosted by Congressman Mike Haridopolos<\/em><br><strong><em>Topic:<\/em><\/strong><em> <\/em><strong>Human Trafficking and the Transportation Industry<\/strong><br>Keynote Presenters: Dr. Jessica Wickey Byrd, Tomas J. Lares<br>Date and Location: October 2025, Cocoa, FL<\/p>\n\n\n\n<p><em>Core Competencies Framework hosted by ECPAT International<\/em><br><strong><em>Topic:<\/em><\/strong><em> <strong>Human Trafficking Education in the Hospitality and Tourism Industry<\/strong><\/em><br>Keynote Presenters: Dr. Jessica Wickey Byrd<br>Date and Location: April 2025, Webinar<\/p>\n\n\n\n<p><em>Hotel Equities Hotel General Managers and Leadership Teams Training<\/em><br><strong>Topic:<\/strong> <strong>Human Trafficking Awareness Webinar<\/strong><br>Presenters: Dr. Jessica Wickey Byrd<br>Date and Location: January 2025, Virtual.<br><br><em>Women in Tourism, Facing Challenges Creating Solutions, hosted by the Tourism Institute<\/em><br><strong>Topic: Human Trafficking Education in the Hospitality and Tourism Industry<\/strong><br>Keynote Presenters: Dr. Jessica Wickey Byrd<br>Date and Location: December 2024, Webinar<\/p>\n\n\n\n<p><em>Florida Joint Task Force Meeting<\/em><br><strong>Topic:<\/strong> <strong>UCF&#8217;s Center for the Study of Human Trafficking and Modern Slavery Presentation<\/strong><br>Presenter: Dr. Jessica Wickey Byrd<br>Date and Location: November 2024, Orlando, FL<\/p>\n\n\n\n<p><em>2024 Human Trafficking Summit. hosted by the Florida Office of the Attorney General and the Statewide Council on Human Trafficking<\/em><br><strong>Topic:<\/strong> <strong>Mitigating the Scale, Reach, and Impact on Human Trafficking at Major Events: A North American Perspective<\/strong><br>Presenters: Dr. Jessica Wickey Byrd and Dr. Alan Fyall<br>Date and Location: November 2024, Virtual.<\/p>\n\n\n\n<p><em>We Are SAM (Student Abolitionist Movement) Conference<\/em><br><strong>Topic: \u201cDangers of grooming, sugaring, and artificial intelligence\u201d with the Knights of the RELM Student Organization Panel<\/strong><br>Presenters: Sydney Weisman, Annastazia Allgire, Gabriela Bonilla, Liv Wastier, Sydney Gross, William Zambelli, and Mayara Martines Ramalho de Oliveira<br>Date and Location: November 2024, Orlando, FL<\/p>\n\n\n\n<p><em>International Congress on Preventing and Combating Human Trafficking, Domestic Violence, and Child Sexual Violence<\/em><br><strong>Topic:<\/strong> <strong>Human Trafficking Education in the Hospitality Industry<\/strong><br>Keynote Presenters: Dr. Jessica Wickey Byrd and Mayara Martines Ramalho de Oliveira<br>Date and Location: November 2024, Orlando, FL<\/p>\n\n\n\n<p><em>Central Florida Human Trafficking Task Force, Community Outreach Committee<\/em><br><strong>Topic:<\/strong> <strong>Expert Panel Discussion: Behind the Screens: Illuminating Awareness, Empowering Youth Leaders.<\/strong><br>Keynote Presenters: Dr. Jessica Wickey Byrd<br>Date and Location: April 2024, Orlando, FL<br><br><em>16th Annual Human Trafficking Awareness Day and Film Festival<\/em><br><strong>Topic:<\/strong> <strong>Human Trafficking in Hospitality and Tourism Specific to Mega-events and the Sports Industry<\/strong><br>Panel Moderator: Dr. Jessica Wickey Byrd<br>Date and Location: January 2024, Orlando, FL<\/p>\n\n\n\n<p><em>Rosen College Teaching Colloquium<\/em><br><strong>Topic:<\/strong> <strong>Mitigating the Scale, Reach, and Impact of Human Trafficking at Major Events: A North American Perspective<\/strong><br>Keynote Presenters: Dr. Jessica Wickey Byrd, and Tomas T. Lares<br>Date and Location: January 2024, Orlando, FL<\/p>\n\n\n\n<p><em>Florida Annual Joint Forum on Human Trafficking<\/em><br><strong>Topic: Introduction to the Center for the Study of Human Trafficking and Modern Slavery<\/strong><br>Presenters: Dr. Jessica Wickey Byrd, Sydney Weisman, Danny Neddo, Annastazia Allgire, James Costa, Jamie Davis<br>Date and Location: November 2023, Orlando, FL<\/p>\n\n\n\n<p><em>Central Florida Human Trafficking Task Force, Community Outreach Committee<\/em><br><strong>Topic: Protecting Young People from Online Predators<\/strong><br>Presenters: Dr. Jessica Wickey Byrd, Dr. Jeff Goltz, Dr. Marianne Thomas, Ezekiel \u201cZeke\u201d Mckine, Mikala Klein<br>Date and Location: April 2023, Orlando, FL <a href=\"https:\/\/www.youtube.com\/live\/icru4Mdr7rA\">Watch it here.<\/a><\/p>\n\n<\/div>\n<\/div><\/div>\n\n\n\n<div class=\"wp-block-group\"><div class=\"wp-block-group__inner-container is-layout-constrained wp-block-group-is-layout-constrained\"><div class=\"wp-bootstrap-blocks-container container mb-0\">\n\t\n\n<h2 class=\"wp-block-heading\">Trainings<\/h2>\n\n\n\n<p><em>Hotel Equities, Hotel General Managers and Leadership Teams Training.<\/em><br><strong>Topic: Human Trafficking Awareness Webinar<\/strong><br>Presenters: Dr. Jessica Wickey Byrd<br>Date and Location: January 2025, Virtual<\/p>\n\n\n\n<p><em>Orlando Kidz Zone Training<\/em><br><strong><em>Topic:<\/em><\/strong><em> <strong>Children, Youth and Families Division Youth Leaders Training<\/strong><\/em><br>Presenters: Dr. Jessica Wickey Byrd and Tomas J. Lares<br>Date and Location: September 2024, Orlando, FL<\/p>\n\n\n\n<p><em>Workshop hosted by the UCF Center for the Study of Human Trafficking and Modern Slavery, United Abolitionists<\/em>,<em> and G6 Hospitality to discuss human trafficking in the lodging industry.<\/em><br><strong>Topic:<\/strong> <strong>Guest Services Anti-Trafficking Workshop<\/strong><br>Presenters: Dr. Jessica Wickey Byrd, Tomas J. Lares, Sean Walker, and Kim Figeroa<br>Date and Location: September 2024, Orlando, FL<\/p>\n\n<\/div>\n<\/div><\/div>\n","protected":false},"excerpt":{"rendered":"","protected":false},"author":548,"featured_media":0,"parent":0,"menu_order":0,"comment_status":"closed","ping_status":"closed","template":"template-fullscreen.php","meta":{"_acf_changed":false,"_seopress_robots_primary_cat":"","_seopress_titles_title":"","_seopress_titles_desc":"","_seopress_robots_index":"","footnotes":""},"class_list":["post-271","page","type-page","status-publish","hentry"],"yoast_head":"<!-- This site is optimized with the Yoast SEO Premium plugin v23.0 (Yoast SEO v26.9) - https:\/\/yoast.com\/product\/yoast-seo-premium-wordpress\/ -->\n<title>Presentations - UCF\u2019s Center for the Study of Human Trafficking and Modern Slavery<\/title>\n<meta name=\"robots\" content=\"index, follow, max-snippet:-1, max-image-preview:large, max-video-preview:-1\" \/>\n<link rel=\"canonical\" href=\"https:\/\/www.research.ucf.edu\/htms\/presentations\/\" \/>\n<meta property=\"og:locale\" content=\"en_US\" \/>\n<meta property=\"og:type\" content=\"article\" \/>\n<meta property=\"og:title\" content=\"Presentations\" \/>\n<meta property=\"og:url\" content=\"https:\/\/www.research.ucf.edu\/htms\/presentations\/\" \/>\n<meta property=\"og:site_name\" content=\"UCF\u2019s Center for the Study of Human Trafficking and Modern Slavery\" \/>\n<meta property=\"article:modified_time\" content=\"2025-11-03T16:52:25+00:00\" \/>\n<meta name=\"twitter:card\" content=\"summary_large_image\" \/>\n<meta name=\"twitter:label1\" content=\"Est. reading time\" \/>\n\t<meta name=\"twitter:data1\" content=\"6 minutes\" \/>\n<script type=\"application\/ld+json\" class=\"yoast-schema-graph\">{\"@context\":\"https:\/\/schema.org\",\"@graph\":[{\"@type\":\"WebPage\",\"@id\":\"https:\/\/www.research.ucf.edu\/htms\/presentations\/\",\"url\":\"https:\/\/www.research.ucf.edu\/htms\/presentations\/\",\"name\":\"Presentations - UCF\u2019s Center for the Study of Human Trafficking and Modern Slavery\",\"isPartOf\":{\"@id\":\"https:\/\/www.research.ucf.edu\/htms\/#website\"},\"datePublished\":\"2025-08-04T15:55:20+00:00\",\"dateModified\":\"2025-11-03T16:52:25+00:00\",\"breadcrumb\":{\"@id\":\"https:\/\/www.research.ucf.edu\/htms\/presentations\/#breadcrumb\"},\"inLanguage\":\"en-US\",\"potentialAction\":[{\"@type\":\"ReadAction\",\"target\":[\"https:\/\/www.research.ucf.edu\/htms\/presentations\/\"]}]},{\"@type\":\"BreadcrumbList\",\"@id\":\"https:\/\/www.research.ucf.edu\/htms\/presentations\/#breadcrumb\",\"itemListElement\":[{\"@type\":\"ListItem\",\"position\":1,\"name\":\"Home\",\"item\":\"https:\/\/www.research.ucf.edu\/htms\/\"},{\"@type\":\"ListItem\",\"position\":2,\"name\":\"Presentations\"}]},{\"@type\":\"WebSite\",\"@id\":\"https:\/\/www.research.ucf.edu\/htms\/#website\",\"url\":\"https:\/\/www.research.ucf.edu\/htms\/\",\"name\":\"UCF\u2019s Center for the Study of Human Trafficking and Modern Slavery\",\"description\":\"\",\"potentialAction\":[{\"@type\":\"SearchAction\",\"target\":{\"@type\":\"EntryPoint\",\"urlTemplate\":\"https:\/\/www.research.ucf.edu\/htms\/?s={search_term_string}\"},\"query-input\":{\"@type\":\"PropertyValueSpecification\",\"valueRequired\":true,\"valueName\":\"search_term_string\"}}],\"inLanguage\":\"en-US\"}]}<\/script>\n<!-- \/ Yoast SEO Premium plugin. -->","yoast_head_json":{"title":"Presentations - UCF\u2019s Center for the Study of Human Trafficking and Modern Slavery","robots":{"index":"index","follow":"follow","max-snippet":"max-snippet:-1","max-image-preview":"max-image-preview:large","max-video-preview":"max-video-preview:-1"},"canonical":"https:\/\/www.research.ucf.edu\/htms\/presentations\/","og_locale":"en_US","og_type":"article","og_title":"Presentations","og_url":"https:\/\/www.research.ucf.edu\/htms\/presentations\/","og_site_name":"UCF\u2019s Center for the Study of Human Trafficking and Modern Slavery","article_modified_time":"2025-11-03T16:52:25+00:00","twitter_card":"summary_large_image","twitter_misc":{"Est. reading time":"6 minutes"},"schema":{"@context":"https:\/\/schema.org","@graph":[{"@type":"WebPage","@id":"https:\/\/www.research.ucf.edu\/htms\/presentations\/","url":"https:\/\/www.research.ucf.edu\/htms\/presentations\/","name":"Presentations - UCF\u2019s Center for the Study of Human Trafficking and Modern Slavery","isPartOf":{"@id":"https:\/\/www.research.ucf.edu\/htms\/#website"},"datePublished":"2025-08-04T15:55:20+00:00","dateModified":"2025-11-03T16:52:25+00:00","breadcrumb":{"@id":"https:\/\/www.research.ucf.edu\/htms\/presentations\/#breadcrumb"},"inLanguage":"en-US","potentialAction":[{"@type":"ReadAction","target":["https:\/\/www.research.ucf.edu\/htms\/presentations\/"]}]},{"@type":"BreadcrumbList","@id":"https:\/\/www.research.ucf.edu\/htms\/presentations\/#breadcrumb","itemListElement":[{"@type":"ListItem","position":1,"name":"Home","item":"https:\/\/www.research.ucf.edu\/htms\/"},{"@type":"ListItem","position":2,"name":"Presentations"}]},{"@type":"WebSite","@id":"https:\/\/www.research.ucf.edu\/htms\/#website","url":"https:\/\/www.research.ucf.edu\/htms\/","name":"UCF\u2019s Center for the Study of Human Trafficking and Modern Slavery","description":"","potentialAction":[{"@type":"SearchAction","target":{"@type":"EntryPoint","urlTemplate":"https:\/\/www.research.ucf.edu\/htms\/?s={search_term_string}"},"query-input":{"@type":"PropertyValueSpecification","valueRequired":true,"valueName":"search_term_string"}}],"inLanguage":"en-US"}]}},"acf":[],"_links":{"self":[{"href":"https:\/\/www.research.ucf.edu\/htms\/wp-json\/wp\/v2\/pages\/271","targetHints":{"allow":["GET"]}}],"collection":[{"href":"https:\/\/www.research.ucf.edu\/htms\/wp-json\/wp\/v2\/pages"}],"about":[{"href":"https:\/\/www.research.ucf.edu\/htms\/wp-json\/wp\/v2\/types\/page"}],"author":[{"embeddable":true,"href":"https:\/\/www.research.ucf.edu\/htms\/wp-json\/wp\/v2\/users\/548"}],"replies":[{"embeddable":true,"href":"https:\/\/www.research.ucf.edu\/htms\/wp-json\/wp\/v2\/comments?post=271"}],"version-history":[{"count":15,"href":"https:\/\/www.research.ucf.edu\/htms\/wp-json\/wp\/v2\/pages\/271\/revisions"}],"predecessor-version":[{"id":845,"href":"https:\/\/www.research.ucf.edu\/htms\/wp-json\/wp\/v2\/pages\/271\/revisions\/845"}],"wp:attachment":[{"href":"https:\/\/www.research.ucf.edu\/htms\/wp-json\/wp\/v2\/media?parent=271"}],"curies":[{"name":"wp","href":"https:\/\/api.w.org\/{rel}","templated":true}]}}